{"id":5998,"date":"2021-08-03T11:36:12","date_gmt":"2021-08-03T11:36:12","guid":{"rendered":"https:\/\/www.psyke.es\/aviso-legal\/"},"modified":"2022-02-04T13:47:00","modified_gmt":"2022-02-04T11:47:00","slug":"legal-warning","status":"publish","type":"page","link":"https:\/\/www.psyke.es\/en\/legal-warning\/","title":{"rendered":"Legal advice"},"content":{"rendered":"<section class=\"padding-large\">\n<div class=\"container\">\n<div class=\"row\">\n<div class=\"col-md-12\">\n<p class=\"txtpolitica\">El presente Aviso Legal regula el uso de la p\u00e1gina web www.psyke.es, titularidad de Thais Mar\u00eda Capella Solano, correo electr\u00f3nico <a href=\"mailto:tcapella@cop.es\" target=\"_blank\" rel=\"noopener\">tcapella@cop.es<\/a><\/p>\n<p class=\"txtpolitica\">La utilizaci\u00f3n de la presente p\u00e1gina web, atribuye la condici\u00f3n de persona usuaria, e implica la aceptaci\u00f3n de todas las condiciones, y t\u00e9rminos de uso, incluidos en el presente Aviso Legal. Condiciones que pueden cambiar, por lo que se recomienda leer este Aviso Legal de forma peri\u00f3dica.<\/p>\n<p class=\"txtpolitica\">El acceso y navegaci\u00f3n en este web site, supone aceptar y conocer las advertencias legales, condiciones y t\u00e9rminos de uso contenidas en ella.<\/p>\n<p class=\"txtpolitica\">Las condiciones de acceso y uso, de esta p\u00e1gina web, est\u00e1n supeditadas a la legalidad vigente, y a los principios de buena fe, y uso l\u00edcito, por parte de las personas usuarias de la misma, quedando prohibido, con car\u00e1cter general, cualquier tipo de actuaci\u00f3n que sea contraria a la legalidad vigente, y al presente Aviso Legal.<\/p>\n<p class=\"txtpolitica\">Queda prohibido el uso de esta web, con fines ilegales o no autorizados, en concreto y sin car\u00e1cter taxativo:<\/p>\n<ul class=\"list-default\">\n<li>Cualquier forma de violaci\u00f3n de los derechos de la intimidad, de la propiedad intelectual e industrial, \u2026<\/li>\n<li>Realizar, usando los contenidos de esta web, cualquier tipo de publicidad como env\u00edo de correos electr\u00f3nicos no solicitada.<\/li>\n<li>Introducir virus inform\u00e1ticos, archivos defectuosos o cualquier otro software o programa inform\u00e1tico que pueda provocar da\u00f1os o alteraciones no autorizadas de los contenidos o sistemas accesibles a trav\u00e9s de esta p\u00e1gina web.<\/li>\n<\/ul>\n<p class=\"txtpolitica\">Toda la informaci\u00f3n contenida en esta p\u00e1gina web, as\u00ed como su dise\u00f1o gr\u00e1fico y los c\u00f3digos utilizados, est\u00e1n protegidos por derechos de autor, u otros derechos de protecci\u00f3n recogidos en el Real Decreto Legislativo 1\/1996, de 12 de abril, por el que se aprueba el Texto Refundido de la Ley de Propiedad Intelectual. Por lo tanto, queda expresamente prohibido cualquier acto de reproducci\u00f3n, distribuci\u00f3n, transformaci\u00f3n o comunicaci\u00f3n p\u00fablica, as\u00ed como cualquier tipo de cesi\u00f3n, del todo o parte del contenido de este sitio, y en general de cualquier objeto que seg\u00fan la legislaci\u00f3n vigente sea protegible por las normas de propiedad intelectual.<\/p>\n<p class=\"txtpolitica\">Todo el contenido de la web, y todo el contenido disponible a trav\u00e9s de los productos y servicios de la titular, incluyendo dise\u00f1os, texto, gr\u00e1ficos, im\u00e1genes, v\u00eddeo, informaci\u00f3n, aplicaciones, software, m\u00fasica, sonido y otros archivos, as\u00ed como su selecci\u00f3n y disposici\u00f3n, son propiedad exclusiva de la titular, con todos los derechos reservados.<\/p>\n<p class=\"txtpolitica\">Ninguna parte del Contenido del web podr\u00e1 ser modificada, copiada, distribuida, enmarcada, reproducida, republicada, descargada, extra\u00edda, mostrada, publicada, transmitida o vendida en modo alguno o por ning\u00fan medio, total o parcialmente, sin el previo consentimiento por escrito de la titular.<\/p>\n<p class=\"txtpolitica\">Todas las marcas, logotipos y anagramas mostrados en este sitio son propiedad de la titular, o de terceras personas o empresas. Queda expresamente prohibida la utilizaci\u00f3n, sin previo consentimiento, de cualquier elemento de esta p\u00e1gina web, que sea objeto de protecci\u00f3n, de acuerdo con la legislaci\u00f3n vigente relativa a propiedad industrial. Especialmente, no podr\u00e1n utilizarse marcas, nombres comerciales, r\u00f3tulos de establecimientos, denominaciones, logotipos, esl\u00f3ganes o cualquier tipo de signo distintivo perteneciente a la titular.<\/p>\n<p class=\"txtpolitica\">La persona usuaria ser\u00e1 la \u00fanica responsable, de las infracciones en que pueda incurrir, o de los perjuicios, que se puedan causar a terceros, por la indebida o ileg\u00edtima utilizaci\u00f3n de la p\u00e1gina web.<\/p>\n<\/div>\n<\/div>\n<\/div>\n<\/section>\n","protected":false},"excerpt":{"rendered":"<p>El presente Aviso Legal regula el uso de la p\u00e1gina web www.psyke.es, titularidad de Thais Mar\u00eda Capella Solano, correo electr\u00f3nico tcapella@cop.es La utilizaci\u00f3n de la presente p\u00e1gina web, atribuye la condici\u00f3n de persona usuaria, e implica la aceptaci\u00f3n de todas las condiciones, y t\u00e9rminos de uso, incluidos en el presente Aviso Legal. Condiciones que pueden [&#8230;]<\/p>\n<p><a class=\"btn btn-secondary understrap-read-more-link\" href=\"https:\/\/www.psyke.es\/en\/legal-warning\/\">Read More&#8230;<span class=\"screen-reader-text\"> from Legal advice<\/span><\/a><\/p>\n","protected":false},"author":1,"featured_media":5639,"parent":0,"menu_order":0,"comment_status":"closed","ping_status":"closed","template":"page-templates\/basic-page-unlock-height.php","meta":{"footnotes":""},"class_list":["post-5998","page","type-page","status-publish","has-post-thumbnail","hentry"],"yoast_head":"<!-- This site is optimized with the Yoast SEO plugin v27.4 - https:\/\/yoast.com\/product\/yoast-seo-wordpress\/ -->\n<title>Legal warning<\/title>\n<meta name=\"description\" content=\"Aviso Legal de Psyke\" \/>\n<meta name=\"robots\" content=\"index, follow, max-snippet:-1, max-image-preview:large, max-video-preview:-1\" \/>\n<link rel=\"canonical\" href=\"https:\/\/www.psyke.es\/en\/legal-warning\/\" \/>\n<meta property=\"og:locale\" content=\"en_US\" \/>\n<meta property=\"og:type\" content=\"article\" \/>\n<meta property=\"og:title\" content=\"Legal warning\" \/>\n<meta property=\"og:description\" content=\"Aviso Legal de Psyke\" \/>\n<meta property=\"og:url\" content=\"https:\/\/www.psyke.es\/en\/legal-warning\/\" \/>\n<meta property=\"og:site_name\" content=\"Psyke\" \/>\n<meta property=\"article:modified_time\" content=\"2022-02-04T11:47:00+00:00\" \/>\n<meta property=\"og:image\" content=\"https:\/\/www.psyke.es\/wp-content\/uploads\/2021\/06\/bg-contact.jpg\" \/>\n\t<meta property=\"og:image:width\" content=\"1600\" \/>\n\t<meta property=\"og:image:height\" content=\"1030\" \/>\n\t<meta property=\"og:image:type\" content=\"image\/jpeg\" \/>\n<meta name=\"twitter:card\" content=\"summary_large_image\" \/>\n<meta name=\"twitter:label1\" content=\"Est. reading time\" \/>\n\t<meta name=\"twitter:data1\" content=\"3 minutes\" \/>\n<script type=\"application\/ld+json\" class=\"yoast-schema-graph\">{\"@context\":\"https:\\\/\\\/schema.org\",\"@graph\":[{\"@type\":\"WebPage\",\"@id\":\"https:\\\/\\\/www.psyke.es\\\/en\\\/legal-warning\\\/\",\"url\":\"https:\\\/\\\/www.psyke.es\\\/en\\\/legal-warning\\\/\",\"name\":\"Legal warning\",\"isPartOf\":{\"@id\":\"https:\\\/\\\/www.psyke.es\\\/en\\\/#website\"},\"primaryImageOfPage\":{\"@id\":\"https:\\\/\\\/www.psyke.es\\\/en\\\/legal-warning\\\/#primaryimage\"},\"image\":{\"@id\":\"https:\\\/\\\/www.psyke.es\\\/en\\\/legal-warning\\\/#primaryimage\"},\"thumbnailUrl\":\"https:\\\/\\\/www.psyke.es\\\/wp-content\\\/uploads\\\/2021\\\/06\\\/bg-contact.jpg\",\"datePublished\":\"2021-08-03T11:36:12+00:00\",\"dateModified\":\"2022-02-04T11:47:00+00:00\",\"description\":\"Aviso Legal de Psyke\",\"breadcrumb\":{\"@id\":\"https:\\\/\\\/www.psyke.es\\\/en\\\/legal-warning\\\/#breadcrumb\"},\"inLanguage\":\"en-US\",\"potentialAction\":[{\"@type\":\"ReadAction\",\"target\":[\"https:\\\/\\\/www.psyke.es\\\/en\\\/legal-warning\\\/\"]}]},{\"@type\":\"ImageObject\",\"inLanguage\":\"en-US\",\"@id\":\"https:\\\/\\\/www.psyke.es\\\/en\\\/legal-warning\\\/#primaryimage\",\"url\":\"https:\\\/\\\/www.psyke.es\\\/wp-content\\\/uploads\\\/2021\\\/06\\\/bg-contact.jpg\",\"contentUrl\":\"https:\\\/\\\/www.psyke.es\\\/wp-content\\\/uploads\\\/2021\\\/06\\\/bg-contact.jpg\",\"width\":1600,\"height\":1030},{\"@type\":\"BreadcrumbList\",\"@id\":\"https:\\\/\\\/www.psyke.es\\\/en\\\/legal-warning\\\/#breadcrumb\",\"itemListElement\":[{\"@type\":\"ListItem\",\"position\":1,\"name\":\"Portada\",\"item\":\"https:\\\/\\\/www.psyke.es\\\/en\\\/\"},{\"@type\":\"ListItem\",\"position\":2,\"name\":\"Legal advice\"}]},{\"@type\":\"WebSite\",\"@id\":\"https:\\\/\\\/www.psyke.es\\\/en\\\/#website\",\"url\":\"https:\\\/\\\/www.psyke.es\\\/en\\\/\",\"name\":\"Psyke\",\"description\":\"Centro de Psicolog\u00eda\",\"potentialAction\":[{\"@type\":\"SearchAction\",\"target\":{\"@type\":\"EntryPoint\",\"urlTemplate\":\"https:\\\/\\\/www.psyke.es\\\/en\\\/?s={search_term_string}\"},\"query-input\":{\"@type\":\"PropertyValueSpecification\",\"valueRequired\":true,\"valueName\":\"search_term_string\"}}],\"inLanguage\":\"en-US\"}]}<\/script>\n<!-- \/ Yoast SEO plugin. -->","yoast_head_json":{"title":"Legal warning","description":"Aviso Legal de Psyke","robots":{"index":"index","follow":"follow","max-snippet":"max-snippet:-1","max-image-preview":"max-image-preview:large","max-video-preview":"max-video-preview:-1"},"canonical":"https:\/\/www.psyke.es\/en\/legal-warning\/","og_locale":"en_US","og_type":"article","og_title":"Legal warning","og_description":"Aviso Legal de Psyke","og_url":"https:\/\/www.psyke.es\/en\/legal-warning\/","og_site_name":"Psyke","article_modified_time":"2022-02-04T11:47:00+00:00","og_image":[{"width":1600,"height":1030,"url":"https:\/\/www.psyke.es\/wp-content\/uploads\/2021\/06\/bg-contact.jpg","type":"image\/jpeg"}],"twitter_card":"summary_large_image","twitter_misc":{"Est. reading time":"3 minutes"},"schema":{"@context":"https:\/\/schema.org","@graph":[{"@type":"WebPage","@id":"https:\/\/www.psyke.es\/en\/legal-warning\/","url":"https:\/\/www.psyke.es\/en\/legal-warning\/","name":"Legal warning","isPartOf":{"@id":"https:\/\/www.psyke.es\/en\/#website"},"primaryImageOfPage":{"@id":"https:\/\/www.psyke.es\/en\/legal-warning\/#primaryimage"},"image":{"@id":"https:\/\/www.psyke.es\/en\/legal-warning\/#primaryimage"},"thumbnailUrl":"https:\/\/www.psyke.es\/wp-content\/uploads\/2021\/06\/bg-contact.jpg","datePublished":"2021-08-03T11:36:12+00:00","dateModified":"2022-02-04T11:47:00+00:00","description":"Aviso Legal de Psyke","breadcrumb":{"@id":"https:\/\/www.psyke.es\/en\/legal-warning\/#breadcrumb"},"inLanguage":"en-US","potentialAction":[{"@type":"ReadAction","target":["https:\/\/www.psyke.es\/en\/legal-warning\/"]}]},{"@type":"ImageObject","inLanguage":"en-US","@id":"https:\/\/www.psyke.es\/en\/legal-warning\/#primaryimage","url":"https:\/\/www.psyke.es\/wp-content\/uploads\/2021\/06\/bg-contact.jpg","contentUrl":"https:\/\/www.psyke.es\/wp-content\/uploads\/2021\/06\/bg-contact.jpg","width":1600,"height":1030},{"@type":"BreadcrumbList","@id":"https:\/\/www.psyke.es\/en\/legal-warning\/#breadcrumb","itemListElement":[{"@type":"ListItem","position":1,"name":"Portada","item":"https:\/\/www.psyke.es\/en\/"},{"@type":"ListItem","position":2,"name":"Legal advice"}]},{"@type":"WebSite","@id":"https:\/\/www.psyke.es\/en\/#website","url":"https:\/\/www.psyke.es\/en\/","name":"Psyke","description":"Centro de Psicolog\u00eda","potentialAction":[{"@type":"SearchAction","target":{"@type":"EntryPoint","urlTemplate":"https:\/\/www.psyke.es\/en\/?s={search_term_string}"},"query-input":{"@type":"PropertyValueSpecification","valueRequired":true,"valueName":"search_term_string"}}],"inLanguage":"en-US"}]}},"post_mailing_queue_ids":[],"_links":{"self":[{"href":"https:\/\/www.psyke.es\/en\/wp-json\/wp\/v2\/pages\/5998","targetHints":{"allow":["GET"]}}],"collection":[{"href":"https:\/\/www.psyke.es\/en\/wp-json\/wp\/v2\/pages"}],"about":[{"href":"https:\/\/www.psyke.es\/en\/wp-json\/wp\/v2\/types\/page"}],"author":[{"embeddable":true,"href":"https:\/\/www.psyke.es\/en\/wp-json\/wp\/v2\/users\/1"}],"replies":[{"embeddable":true,"href":"https:\/\/www.psyke.es\/en\/wp-json\/wp\/v2\/comments?post=5998"}],"version-history":[{"count":0,"href":"https:\/\/www.psyke.es\/en\/wp-json\/wp\/v2\/pages\/5998\/revisions"}],"wp:featuredmedia":[{"embeddable":true,"href":"https:\/\/www.psyke.es\/en\/wp-json\/wp\/v2\/media\/5639"}],"wp:attachment":[{"href":"https:\/\/www.psyke.es\/en\/wp-json\/wp\/v2\/media?parent=5998"}],"curies":[{"name":"wp","href":"https:\/\/api.w.org\/{rel}","templated":true}]}}