{"id":6174,"date":"2022-01-26T14:50:00","date_gmt":"2022-01-26T12:50:00","guid":{"rendered":"https:\/\/www.psyke.es\/?page_id=6174"},"modified":"2022-07-01T10:02:02","modified_gmt":"2022-07-01T08:02:02","slug":"psyke-cookie-policy","status":"publish","type":"page","link":"https:\/\/www.psyke.es\/en\/psyke-cookie-policy\/","title":{"rendered":"Cookies Policy"},"content":{"rendered":"<section class=\"padding-large--top\">\n<div class=\"container\">\n<p><em>Esta p\u00e1gina web es propiedad&nbsp;de Tha\u00efs Capella Solano.&nbsp;El hecho de acceder a esta p\u00e1gina implica el conocimiento y aceptaci\u00f3n de la pol\u00edtica de privacidad. En cumplimiento del art\u00edculo 10 de la Ley 34\/2002, de 11 de julio, de Servicios de la Sociedad de la Informaci\u00f3n y Comercio Electr\u00f3nico (LSSI) se exponen los datos identificativos.<\/em><\/p>\n<h2>\u00bfQu\u00e9 son las cookies?<\/h2>\n<div class=\"textofull\">\n<p>Una cookie es un fichero que se descarga en tu ordenador o terminal al acceder a nuestra p\u00e1gina web. Las cookies nos permiten, entre otras cosas, almacenar y recuperar informaci\u00f3n sobre los h\u00e1bitos de navegaci\u00f3n de un usuario o de su equipo y, dependiendo de la informaci\u00f3n que contengan y de la forma en que utilice su equipo, pueden utilizarse para reconocer al usuario. &nbsp;<\/p>\n<h2>\u00bfCu\u00e1les son las principales caracter\u00edsticas de una cookie?<\/h2>\n<p><\/p>\n<\/div>\n<ul>\n<li>Cookies propias: Son aqu\u00e9llas que enviamos a tu ordenador o terminal desde nuestra p\u00e1gina web.<\/li>\n<li>Cookies de tercero: Son aqu\u00e9llas que se env\u00edan a tu ordenador o terminal desde un dominio o una p\u00e1gina web que no es gestionada por nosotros, sino por otra entidad que trata los datos obtenidos trav\u00e9s de las cookies.<\/li>\n<li>Cookies persistentes: son aquellas en las que los datos siguen almacenados en el terminal y a los que se puede acceder y tratar durante un periodo definido por el responsable de la cookie, y que puede ir de unos minutos a varios a\u00f1os<\/li>\n<li>Cookies de sesi\u00f3n: son aquellas dise\u00f1adas para recabar y almacenar datos mientras el usuario accede a una p\u00e1gina web. Se suelen emplear para almacenar informaci\u00f3n que solo interesa conservar para la prestaci\u00f3n del servicio solicitado por el usuario en una sola ocasi\u00f3n.<\/li>\n<\/ul>\n<h2>Las cookies utilizadas en www.psyke.es son:<\/h2>\n<p><\/p>\n<\/div>\n<\/section>\n\n\n<div style=\"height:42px\" aria-hidden=\"true\" class=\"wp-block-spacer\"><\/div>\n\n\n<section class=\"\">\n<div class=\"container\">\n<div class=\"row\">\n<div class=\"col-md-12\">\n<h4>Cookies estrictamente necesarias<\/h4>\n<div class=\"textofull\">Algunas cookies son indispensables para poder proveer funcionalidades b\u00e1sicas. Este sitio web no podr\u00e1 funcionar correctamente sin que se habiliten estas cookies. Est\u00e1s cookies est\u00e1n habilitadas por defecto y no pueden deshabilitarse.<\/div>\n<p><\/p>\n<\/div>\n<\/div>\n<\/div>\n<\/section>\n\n\n<div style=\"height:42px\" aria-hidden=\"true\" class=\"wp-block-spacer\"><\/div>\n\n\n<section class=\"\">\n<div class=\"container\">\n<div class=\"row\">\n<div class=\"col-md-12\">\n<table class=\"legal-cookies\">\n<thead>\n<tr>\n<th>nombre<\/th>\n<th>nombre de equipo<\/th>\n<th>ruta<\/th>\n<th>expiraci\u00f3n<\/th>\n<th>Etiquetas<\/th>\n<\/tr>\n<\/thead>\n<tbody>\n<tr>\n<td>_GRECAPTCHA<\/td>\n<td>www.google.com<\/td>\n<td>\/recaptcha<\/td>\n<td>180 d\u00edas<\/td>\n<td>Tercero<\/td>\n<\/tr>\n<tr>\n<td colspan=\"5\">\n<p>Utilizado por Google reCaptcha para el an\u00e1lisis de riesgos<\/p>\n<\/td>\n<\/tr>\n<tr>\n<td>cookiehub<\/td>\n<td>.psyke.es<\/td>\n<td>\/<\/td>\n<td>365 d\u00edas<\/td>\n<td>\u00a0<\/td>\n<\/tr>\n<tr>\n<td colspan=\"5\">\n<p>Utilizado por CookieHub para almacenar informaci\u00f3n sobre si los visitantes han dado o rechazado el uso de las categor\u00edas de cookies utilizadas en el sitio.[nl][nl]<\/p>\n<\/td>\n<\/tr>\n<tr>\n<td>wp-wpml_current_language<\/td>\n<td>www.psyke.es<\/td>\n<td>\/<\/td>\n<td>Sesi\u00f3n<\/td>\n<td>\u00a0<\/td>\n<\/tr>\n<tr>\n<td colspan=\"5\">\n<p>Esta cookie la establece WPML y almacena la configuraci\u00f3n de idioma actual.<\/p>\n<\/td>\n<\/tr>\n<\/tbody>\n<\/table>\n<\/div>\n<\/div>\n<\/div>\n<\/section>\n\n\n<div style=\"height:42px\" aria-hidden=\"true\" class=\"wp-block-spacer\"><\/div>\n\n\n<section class=\"\">\n<div class=\"container\">\n<div class=\"row\">\n<div class=\"col-md-12\">\n<h4>Preferencias<\/h4>\n<div class=\"textofull\">\n            Las cookies de preferencias le permiten al sitio web guardar informaci\u00f3n para personalizar c\u00f3mo es que el sitio web se ve y se comporta para cada usuario. Esto puede incluir informaci\u00f3n como el tipo de moneda, regi\u00f3n, idioma, paleta de colores, y otras preferencias que cada usuario ha seleccionado para el sitio web.\n        <\/div>\n<p><\/p>\n<\/div>\n<\/div>\n<\/div>\n<\/section>\n\n\n<div style=\"height:42px\" aria-hidden=\"true\" class=\"wp-block-spacer\"><\/div>\n\n\n<section class=\"\">\n<div class=\"container\">\n<div class=\"row\">\n<div class=\"col-md-12\">\n<table class=\"legal-cookies\">\n<thead>\n<tr>\n<th>nombre<\/th>\n<th>nombre de equipo<\/th>\n<th>ruta<\/th>\n<th>expiraci\u00f3n<\/th>\n<th>Etiquetas<\/th>\n<\/tr>\n<\/thead>\n<tbody>\n<tr>\n<td>VISITOR_INFO1_LIVE<\/td>\n<td>.youtube.com<\/td>\n<td>\/<\/td>\n<td>180 d\u00edas<\/td>\n<td>Tercero<\/td>\n<\/tr>\n<tr>\n<td colspan=\"5\">\n<p>Una cookie que establece YouTube que mide su ancho de banda para determinar si obtiene la nueva interfaz del reproductor o la anterior.<\/p>\n<\/td>\n<\/tr>\n<tr>\n<td>CONSENT<\/td>\n<td>.youtube.com<\/td>\n<td>\/<\/td>\n<td>5993 d\u00edas, 17 horas<\/td>\n<td>Tercero<\/td>\n<\/tr>\n<tr>\n<td colspan=\"5\">\n<p>Utilizado por Google para almacenar las preferencias de consentimiento del usuario<\/p>\n<\/td>\n<\/tr>\n<\/tbody>\n<\/table>\n<\/div>\n<\/div>\n<\/div>\n<\/section>\n\n\n<div style=\"height:42px\" aria-hidden=\"true\" class=\"wp-block-spacer\"><\/div>\n\n\n<section class=\"\">\n<div class=\"container\">\n<div class=\"row\">\n<div class=\"col-md-12\">\n<h4>Cookies anal\u00edticas<\/h4>\n<div class=\"textofull\">\n                Las cookies anal\u00edticas nos ayudan a mejorar nuestro sitio web recolectando y reportando informaci\u00f3n sobre su utilizaci\u00f3n.  <\/div>\n<p><\/p>\n<\/div>\n<\/div>\n<\/div>\n<\/section>\n\n\n<div style=\"height:42px\" aria-hidden=\"true\" class=\"wp-block-spacer\"><\/div>\n\n\n<section class=\"\">\n<div class=\"container\">\n<div class=\"row\">\n<div class=\"col-md-12\">\n<table class=\"legal-cookies\">\n<thead>\n<tr>\n<th>nombre<\/th>\n<th>nombre de equipo<\/th>\n<th>ruta<\/th>\n<th>expiraci\u00f3n<\/th>\n<th>Etiquetas<\/th>\n<\/tr>\n<\/thead>\n<tbody>\n<tr>\n<td>_ga_*<\/td>\n<td>.psyke.es<\/td>\n<td>\/<\/td>\n<td>730 d\u00edas<\/td>\n<td>&nbsp;<\/td>\n<\/tr>\n<tr>\n<td colspan=\"5\">\n<p>Contiene un identificador \u00fanico utilizado por Google Analytics 4 para determinar que dos hits distintos pertenecen al mismo usuario en las sesiones de navegaci\u00f3n.<\/p>\n<\/td>\n<\/tr>\n<tr>\n<td>_ga<\/td>\n<td>.psyke.es<\/td>\n<td>\/<\/td>\n<td>730 d\u00edas<\/td>\n<td>&nbsp;<\/td>\n<\/tr>\n<tr>\n<td colspan=\"5\">\n<p>Contiene un identificador \u00fanico utilizado por Google Analytics para determinar que dos hits distintos pertenecen al mismo usuario en todas las sesiones de navegaci\u00f3n.<\/p>\n<\/td>\n<\/tr>\n<tr>\n<td>_gid<\/td>\n<td>.psyke.es<\/td>\n<td>\/<\/td>\n<td>1 d\u00eda<\/td>\n<td>&nbsp;<\/td>\n<\/tr>\n<tr>\n<td colspan=\"5\">\n<p>Contiene un identificador \u00fanico utilizado por Google Analytics para determinar que dos hits distintos pertenecen al mismo usuario en todas las sesiones de navegaci\u00f3n.<\/p>\n<\/td>\n<\/tr>\n<tr>\n<td>_gat_*<\/td>\n<td>.psyke.es<\/td>\n<td>\/<\/td>\n<td>1 hora<\/td>\n<td>&nbsp;<\/td>\n<\/tr>\n<tr>\n<td colspan=\"5\">\n<p>Utilizado por Google Analytics para acelerar la tasa de solicitudes (limitar la recopilaci\u00f3n de datos en sitios de alto tr\u00e1fico)<\/p>\n<\/td>\n<\/tr>\n<tr>\n<td>YSC<\/td>\n<td>.youtube.com<\/td>\n<td>\/<\/td>\n<td>Sesi\u00f3n<\/td>\n<td>Tercero<\/td>\n<\/tr>\n<tr>\n<td colspan=\"5\">\n<p>El servicio de video de YouTube establece esta cookie en p\u00e1ginas con videos incrustados de YouTube para rastrear las vistas.<\/p>\n<\/td>\n<\/tr>\n<\/tbody>\n<\/table>\n<\/div>\n<\/div>\n<\/div>\n<\/section>\n\n\n<div style=\"height:42px\" aria-hidden=\"true\" class=\"wp-block-spacer\"><\/div>\n\n\n<section class=\"\">\n<div class=\"container\">\n<div class=\"row\">\n<div class=\"col-md-12\">\n<h4>Cookies de Marketing<\/h4>\n<div class=\"textofull\">\n            Las cookies de mercadeo son utilizadas para rastrear a visitantes a trav\u00e9s de diferentes sitios web. Esto permite que los proveedores de anuncios puedan mostrar publicidad relevante e interesante a cada usuario de nuestro sitio web.<p><\/p>\n<p><\/p>\n<\/div>\n<\/div>\n<\/div>\n<\/div>\n<\/section>\n\n\n<div style=\"height:42px\" aria-hidden=\"true\" class=\"wp-block-spacer\"><\/div>\n\n\n<section class=\"\">\n<div class=\"container\">\n<div class=\"row\">\n<div class=\"col-md-12\">\n<table class=\"legal-cookies\">\n<thead>\n<tr>\n<th>nombre<\/th>\n<th>nombre de equipo<\/th>\n<th>ruta<\/th>\n<th>expiraci\u00f3n<\/th>\n<th>Etiquetas<\/th>\n<\/tr>\n<\/thead>\n<tbody>\n<tr>\n<td>IDE<\/td>\n<td>.doubleclick.net<\/td>\n<td>\/<\/td>\n<td>390 d\u00edas<\/td>\n<td>Tercero<\/td>\n<\/tr>\n<tr>\n<td colspan=\"5\">\n<p>Utilizado por DoubleClick de Google para publicar anuncios dirigidos que son relevantes para los usuarios en la web. Los anuncios dirigidos pueden mostrarse a los usuarios en funci\u00f3n de visitas anteriores a un sitio web. Estas cookies miden la tasa de conversi\u00f3n de los anuncios presentados al usuario.<\/p>\n<\/td>\n<\/tr>\n<\/tbody>\n<\/table>\n<\/div>\n<\/div>\n<\/div>\n<\/section>\n\n\n<div style=\"height:42px\" aria-hidden=\"true\" class=\"wp-block-spacer\"><\/div>\n\n\n<section class=\"\">\n<div class=\"container\">\n<div class=\"row\">\n<div class=\"col-md-12\">\n<h4>Otras cookies<\/h4>\n<div class=\"textofull\">\n            Las cookies en esta categor\u00eda a\u00fan no han sido categorizadas apropiadamente, y su prop\u00f3sito puede ser desconocido por el momento.    <\/div>\n<p><\/p>\n<\/div>\n<\/div>\n<\/div>\n<\/section>\n\n\n<div style=\"height:42px\" aria-hidden=\"true\" class=\"wp-block-spacer\"><\/div>\n\n\n<section class=\"\">\n<div class=\"container\">\n<div class=\"row\">\n<div class=\"col-md-12\">\n<table class=\"legal-cookies\">\n<thead>\n<tr>\n<th>nombre<\/th>\n<th>nombre de equipo<\/th>\n<th>ruta<\/th>\n<th>expiraci\u00f3n<\/th>\n<th>Etiquetas<\/th>\n<\/tr>\n<\/thead>\n<tbody>\n<tr>\n<td>sc_anonymous_id<\/td>\n<td>.soundcloud.com<\/td>\n<td>\/<\/td>\n<td>3650 d\u00edas<\/td>\n<td>Tercero<\/td>\n<\/tr>\n<\/tbody>\n<\/table>\n<\/div>\n<\/div>\n<\/div>\n<\/section>\n\n\n<div style=\"height:42px\" aria-hidden=\"true\" class=\"wp-block-spacer\"><\/div>\n\n\n<section class=\"\">\n<div class=\"container\">\n<div class=\"row\">\n<div class=\"col-md-12\">\n<h2>\u00bfEs seguro habilitar las cookies? \u2013 Informaci\u00f3n adicional<\/h2>\n<p>S\u00ed. Tenga en cuenta que las cookies no pueden da\u00f1ar su equipo. Las cookies son \u00fanicamente peque\u00f1as secuencias de datos que no pueden realizar ninguna operaci\u00f3n por s\u00ed mismas. Como garant\u00eda complementaria a las anteriormente descritas, el registro de las cookies podr\u00e1 estar sujeto a su aceptaci\u00f3n durante la instalaci\u00f3n o puesta al d\u00eda del navegador usado, y esta aceptaci\u00f3n puede en todo momento ser revocada mediante las opciones de configuraci\u00f3n de contenidos y privacidad disponibles. Si desea obtener informaci\u00f3n general sobre las cookies y sobre c\u00f3mo gestionarlas acceda a la gu\u00eda de cookies elaborada por Adigital, Autocontrol e IAB junto con la&nbsp;Agencia <a href=\"https:\/\/www.aepd.es\/es\/documento\/guia-cookies.pdf\">Espa\u00f1ola de protecci\u00f3n de datos<\/a><\/p>\n<p>Tenga en cuenta que no somos responsables del contenido de sitios web externos.<\/p>\n<p>Le informamos que en el caso de bloquear o no aceptar la instalaci\u00f3n de cookies, es posible que ciertos servicios\/contenido no est\u00e9n disponibles sin la utilizaci\u00f3n de \u00e9stas o que no pueda aprovechar por completo todo lo que este sitio web le ofrece.<\/p>\n<h2>Administraci\u00f3n de cookies \u2013 \u00bfc\u00f3mo desactivarlas?<\/h2>\n<p>Todos los navegadores permiten hacer cambios que permiten desactivar la configuraci\u00f3n de las cookies. Estos ajustes se encuentran ubicados en las \u00abopciones\u00bb o \u00abpreferencias\u00bb del men\u00fa de su navegador. A continuaci\u00f3n podr\u00e1 encontrar los links de cada navegador para deshabilitar las cookies siguiendo las instrucciones:<\/p>\n<ul>\n<li style=\"list-style-type: none;\">\n<ul>\n<li style=\"list-style-type: none;\">\n<ul>\n<li><a href=\"http:\/\/support.microsoft.com\/kb\/196955\">Internet Explorer<\/a><\/li>\n<li><a href=\"https:\/\/support.mozilla.org\/es\/kb\/habilitar-y-deshabilitar-cookies-sitios-web-rastrear-preferencias\">Mozilla Firefox<\/a><\/li>\n<li><a href=\"https:\/\/support.google.com\/chrome\/answer\/95647?hl=es\">Google Chrome<\/a><\/li>\n<li><a href=\"http:\/\/support.apple.com\/kb\/ph5042\">Safari<\/a><\/li>\n<li><a href=\"http:\/\/help.opera.com\/Windows\/12.00\/esES\/cookies.html\">Opera<\/a><\/li>\n<\/ul>\n<\/li>\n<\/ul>\n<\/li>\n<\/ul>\n<p>Recuerde que ciertas funciones y la plena funcionalidad del Sitio pueden no estar disponibles despu\u00e9s de deshabilitar los cookies.<\/p>\n<p>Si desea no ser rastreado por las cookies, Google ha desarrollado un complemento para instalar en su navegador al que puede acceder en el siguiente enlace: <a href=\"http:\/\/goo.gl\/up4ND\">http:\/\/goo.gl\/up4ND<\/a>.<\/p>\n<h2>Cookies en los dispositivos m\u00f3viles:<\/h2>\n<p>El Sitio web tambi\u00e9n usa cookies u otros dispositivos de almacenamiento en dispositivos m\u00f3viles. En este caso, al igual que sucede en los navegadores de ordenadores, los navegadores de los dispositivos m\u00f3viles permiten configurar las opciones o ajustes de privacidad para desactivar o eliminar las cookies.<\/p>\n<p>Si desea modificar las opciones de privacidad siga las instrucciones especificadas por el desarrollador de su navegador para dispositivo m\u00f3vil.<\/p>\n<p>Asimismo, aqu\u00ed encontrar\u00e1 algunos ejemplos de los links que le guiar\u00e1n para modificar las opciones de privacidad en su dispositivo m\u00f3vil:<\/p>\n<ul>\n<li style=\"list-style-type: none;\">\n<ul>\n<li style=\"list-style-type: none;\">\n<ul>\n<li><a href=\"http:\/\/goo.gl\/61xevS\">IOS<\/a><\/li>\n<li><a href=\"https:\/\/goo.gl\/tKyb0y\">Windows Phone<\/a><\/li>\n<li><a href=\"http:\/\/goo.gl\/XJp7N\">Chrome Mobile<\/a><\/li>\n<li><a href=\"http:\/\/goo.gl\/Nzr8s7\">Opera Mobile<\/a><\/li>\n<\/ul>\n<\/li>\n<\/ul>\n<\/li>\n<\/ul>\n<p>A partir de la opci\u00f3n que tome acerca del uso de cookies en este sitio web, se le enviar\u00e1 una&nbsp;cookie adicional&nbsp;para salvaguardar su elecci\u00f3n y que no tenga que aceptar el uso de cookies cada vez que acceda a nuestra web. El objetivo de esta lista de cookies es ayudarle a reconocer las cookies almacenadas en su navegador cuando visita nuestra web o cuando ve nuestros anuncios en otros sitios. Hemos intentado incluir todas las cookies que utilizamos tanto nosotros como nuestros socios tecnol\u00f3gicos, pero tenga en cuenta que a veces podemos retrasarnos al actualizar la lista. Si observa alguna discrepancia o cree que falta alguna cookie, no dude en dec\u00edrnoslo.<\/p>\n<p><\/p>\n<\/div>\n<\/div>\n<\/div>\n<\/section>","protected":false},"excerpt":{"rendered":"<p>Esta p\u00e1gina web es propiedad&nbsp;de Tha\u00efs Capella Solano.&nbsp;El hecho de acceder a esta p\u00e1gina implica el conocimiento y aceptaci\u00f3n de la pol\u00edtica de privacidad. En cumplimiento del art\u00edculo 10 de la Ley 34\/2002, de 11 de julio, de Servicios de la Sociedad de la Informaci\u00f3n y Comercio Electr\u00f3nico (LSSI) se exponen los datos identificativos. \u00bfQu\u00e9 [&#8230;]<\/p>\n<p><a class=\"btn btn-secondary understrap-read-more-link\" href=\"https:\/\/www.psyke.es\/en\/psyke-cookie-policy\/\">Read More&#8230;<span class=\"screen-reader-text\"> from Cookies Policy<\/span><\/a><\/p>\n","protected":false},"author":1,"featured_media":4156,"parent":0,"menu_order":0,"comment_status":"closed","ping_status":"closed","template":"page-templates\/basic-page-unlock-height.php","meta":{"footnotes":""},"class_list":["post-6174","page","type-page","status-publish","has-post-thumbnail","hentry"],"yoast_head":"<!-- This site is optimized with the Yoast SEO plugin v27.4 - https:\/\/yoast.com\/product\/yoast-seo-wordpress\/ -->\n<title>Psyke cookie policy<\/title>\n<meta name=\"description\" content=\"Psyke cookie policy\" \/>\n<meta name=\"robots\" content=\"index, follow, max-snippet:-1, max-image-preview:large, max-video-preview:-1\" \/>\n<link rel=\"canonical\" href=\"https:\/\/www.psyke.es\/en\/psyke-cookie-policy\/\" \/>\n<meta property=\"og:locale\" content=\"en_US\" \/>\n<meta property=\"og:type\" content=\"article\" \/>\n<meta property=\"og:title\" content=\"Psyke cookie policy\" \/>\n<meta property=\"og:description\" content=\"Psyke cookie policy\" \/>\n<meta property=\"og:url\" content=\"https:\/\/www.psyke.es\/en\/psyke-cookie-policy\/\" \/>\n<meta property=\"og:site_name\" content=\"Psyke\" \/>\n<meta property=\"article:modified_time\" content=\"2022-07-01T08:02:02+00:00\" \/>\n<meta property=\"og:image\" content=\"https:\/\/www.psyke.es\/wp-content\/uploads\/2021\/07\/03c-sentados-en-el-sonido.jpg\" \/>\n\t<meta property=\"og:image:width\" content=\"1280\" \/>\n\t<meta property=\"og:image:height\" content=\"853\" \/>\n\t<meta property=\"og:image:type\" content=\"image\/jpeg\" \/>\n<meta name=\"twitter:card\" content=\"summary_large_image\" \/>\n<meta name=\"twitter:label1\" content=\"Est. reading time\" \/>\n\t<meta name=\"twitter:data1\" content=\"6 minutes\" \/>\n<script type=\"application\/ld+json\" class=\"yoast-schema-graph\">{\"@context\":\"https:\\\/\\\/schema.org\",\"@graph\":[{\"@type\":\"WebPage\",\"@id\":\"https:\\\/\\\/www.psyke.es\\\/en\\\/psyke-cookie-policy\\\/\",\"url\":\"https:\\\/\\\/www.psyke.es\\\/en\\\/psyke-cookie-policy\\\/\",\"name\":\"Psyke cookie policy\",\"isPartOf\":{\"@id\":\"https:\\\/\\\/www.psyke.es\\\/en\\\/#website\"},\"primaryImageOfPage\":{\"@id\":\"https:\\\/\\\/www.psyke.es\\\/en\\\/psyke-cookie-policy\\\/#primaryimage\"},\"image\":{\"@id\":\"https:\\\/\\\/www.psyke.es\\\/en\\\/psyke-cookie-policy\\\/#primaryimage\"},\"thumbnailUrl\":\"https:\\\/\\\/www.psyke.es\\\/wp-content\\\/uploads\\\/2021\\\/07\\\/03c-sentados-en-el-sonido.jpg\",\"datePublished\":\"2022-01-26T12:50:00+00:00\",\"dateModified\":\"2022-07-01T08:02:02+00:00\",\"description\":\"Psyke cookie policy\",\"breadcrumb\":{\"@id\":\"https:\\\/\\\/www.psyke.es\\\/en\\\/psyke-cookie-policy\\\/#breadcrumb\"},\"inLanguage\":\"en-US\",\"potentialAction\":[{\"@type\":\"ReadAction\",\"target\":[\"https:\\\/\\\/www.psyke.es\\\/en\\\/psyke-cookie-policy\\\/\"]}]},{\"@type\":\"ImageObject\",\"inLanguage\":\"en-US\",\"@id\":\"https:\\\/\\\/www.psyke.es\\\/en\\\/psyke-cookie-policy\\\/#primaryimage\",\"url\":\"https:\\\/\\\/www.psyke.es\\\/wp-content\\\/uploads\\\/2021\\\/07\\\/03c-sentados-en-el-sonido.jpg\",\"contentUrl\":\"https:\\\/\\\/www.psyke.es\\\/wp-content\\\/uploads\\\/2021\\\/07\\\/03c-sentados-en-el-sonido.jpg\",\"width\":1280,\"height\":853,\"caption\":\"Sentados en el sonidos\"},{\"@type\":\"BreadcrumbList\",\"@id\":\"https:\\\/\\\/www.psyke.es\\\/en\\\/psyke-cookie-policy\\\/#breadcrumb\",\"itemListElement\":[{\"@type\":\"ListItem\",\"position\":1,\"name\":\"Portada\",\"item\":\"https:\\\/\\\/www.psyke.es\\\/en\\\/\"},{\"@type\":\"ListItem\",\"position\":2,\"name\":\"Cookies Policy\"}]},{\"@type\":\"WebSite\",\"@id\":\"https:\\\/\\\/www.psyke.es\\\/en\\\/#website\",\"url\":\"https:\\\/\\\/www.psyke.es\\\/en\\\/\",\"name\":\"Psyke\",\"description\":\"Centro de Psicolog\u00eda\",\"potentialAction\":[{\"@type\":\"SearchAction\",\"target\":{\"@type\":\"EntryPoint\",\"urlTemplate\":\"https:\\\/\\\/www.psyke.es\\\/en\\\/?s={search_term_string}\"},\"query-input\":{\"@type\":\"PropertyValueSpecification\",\"valueRequired\":true,\"valueName\":\"search_term_string\"}}],\"inLanguage\":\"en-US\"}]}<\/script>\n<!-- \/ Yoast SEO plugin. -->","yoast_head_json":{"title":"Psyke cookie policy","description":"Psyke cookie policy","robots":{"index":"index","follow":"follow","max-snippet":"max-snippet:-1","max-image-preview":"max-image-preview:large","max-video-preview":"max-video-preview:-1"},"canonical":"https:\/\/www.psyke.es\/en\/psyke-cookie-policy\/","og_locale":"en_US","og_type":"article","og_title":"Psyke cookie policy","og_description":"Psyke cookie policy","og_url":"https:\/\/www.psyke.es\/en\/psyke-cookie-policy\/","og_site_name":"Psyke","article_modified_time":"2022-07-01T08:02:02+00:00","og_image":[{"width":1280,"height":853,"url":"https:\/\/www.psyke.es\/wp-content\/uploads\/2021\/07\/03c-sentados-en-el-sonido.jpg","type":"image\/jpeg"}],"twitter_card":"summary_large_image","twitter_misc":{"Est. reading time":"6 minutes"},"schema":{"@context":"https:\/\/schema.org","@graph":[{"@type":"WebPage","@id":"https:\/\/www.psyke.es\/en\/psyke-cookie-policy\/","url":"https:\/\/www.psyke.es\/en\/psyke-cookie-policy\/","name":"Psyke cookie policy","isPartOf":{"@id":"https:\/\/www.psyke.es\/en\/#website"},"primaryImageOfPage":{"@id":"https:\/\/www.psyke.es\/en\/psyke-cookie-policy\/#primaryimage"},"image":{"@id":"https:\/\/www.psyke.es\/en\/psyke-cookie-policy\/#primaryimage"},"thumbnailUrl":"https:\/\/www.psyke.es\/wp-content\/uploads\/2021\/07\/03c-sentados-en-el-sonido.jpg","datePublished":"2022-01-26T12:50:00+00:00","dateModified":"2022-07-01T08:02:02+00:00","description":"Psyke cookie policy","breadcrumb":{"@id":"https:\/\/www.psyke.es\/en\/psyke-cookie-policy\/#breadcrumb"},"inLanguage":"en-US","potentialAction":[{"@type":"ReadAction","target":["https:\/\/www.psyke.es\/en\/psyke-cookie-policy\/"]}]},{"@type":"ImageObject","inLanguage":"en-US","@id":"https:\/\/www.psyke.es\/en\/psyke-cookie-policy\/#primaryimage","url":"https:\/\/www.psyke.es\/wp-content\/uploads\/2021\/07\/03c-sentados-en-el-sonido.jpg","contentUrl":"https:\/\/www.psyke.es\/wp-content\/uploads\/2021\/07\/03c-sentados-en-el-sonido.jpg","width":1280,"height":853,"caption":"Sentados en el sonidos"},{"@type":"BreadcrumbList","@id":"https:\/\/www.psyke.es\/en\/psyke-cookie-policy\/#breadcrumb","itemListElement":[{"@type":"ListItem","position":1,"name":"Portada","item":"https:\/\/www.psyke.es\/en\/"},{"@type":"ListItem","position":2,"name":"Cookies Policy"}]},{"@type":"WebSite","@id":"https:\/\/www.psyke.es\/en\/#website","url":"https:\/\/www.psyke.es\/en\/","name":"Psyke","description":"Centro de Psicolog\u00eda","potentialAction":[{"@type":"SearchAction","target":{"@type":"EntryPoint","urlTemplate":"https:\/\/www.psyke.es\/en\/?s={search_term_string}"},"query-input":{"@type":"PropertyValueSpecification","valueRequired":true,"valueName":"search_term_string"}}],"inLanguage":"en-US"}]}},"post_mailing_queue_ids":[],"_links":{"self":[{"href":"https:\/\/www.psyke.es\/en\/wp-json\/wp\/v2\/pages\/6174","targetHints":{"allow":["GET"]}}],"collection":[{"href":"https:\/\/www.psyke.es\/en\/wp-json\/wp\/v2\/pages"}],"about":[{"href":"https:\/\/www.psyke.es\/en\/wp-json\/wp\/v2\/types\/page"}],"author":[{"embeddable":true,"href":"https:\/\/www.psyke.es\/en\/wp-json\/wp\/v2\/users\/1"}],"replies":[{"embeddable":true,"href":"https:\/\/www.psyke.es\/en\/wp-json\/wp\/v2\/comments?post=6174"}],"version-history":[{"count":0,"href":"https:\/\/www.psyke.es\/en\/wp-json\/wp\/v2\/pages\/6174\/revisions"}],"wp:featuredmedia":[{"embeddable":true,"href":"https:\/\/www.psyke.es\/en\/wp-json\/wp\/v2\/media\/4156"}],"wp:attachment":[{"href":"https:\/\/www.psyke.es\/en\/wp-json\/wp\/v2\/media?parent=6174"}],"curies":[{"name":"wp","href":"https:\/\/api.w.org\/{rel}","templated":true}]}}