{"id":6177,"date":"2022-01-26T14:54:18","date_gmt":"2022-01-26T12:54:18","guid":{"rendered":"https:\/\/www.psyke.es\/?page_id=6177"},"modified":"2022-02-04T15:18:48","modified_gmt":"2022-02-04T13:18:48","slug":"privacy-policy","status":"publish","type":"page","link":"https:\/\/www.psyke.es\/en\/privacy-policy\/","title":{"rendered":"Privacy Policy"},"content":{"rendered":"<section class=\"padding-large\">\n<div class=\"container\">\n<div class=\"row\">\n<div class=\"col-md-12\">\n<p class=\"txtpolitica\">De acuerdo con lo establecido en la Ley Org\u00e1nica 3\/2018, de 5 de diciembre, de Protecci\u00f3n de Datos y en el Reglamento General de Protecci\u00f3n de Datos, Psyke, informa a los usuarios del espacio psyke.es en lo referente al tratamiento y usos a los que se someten los datos de car\u00e1cter personal.<\/p>\n<p class=\"txtpolitica\">Definici\u00f3n de \u00abdatos personales\u00bb: toda informaci\u00f3n sobre una persona f\u00edsica identificada o identificable, en adelante \u00abel interesado\u00bb.<\/p>\n<p class=\"titulo-thais\">RESPONSABLE DEL TRATAMIENTO:<\/p>\n<p class=\"txtpolitica\">Thais Mar\u00eda Capella Solano, correo electr\u00f3nico <a href=\"mailto:tcapella@cop.es\" target=\"_blank\" rel=\"noopener\">tcapella@cop.es<\/a><\/p>\n<p class=\"titulo-thais\">FINALIDADES DEL TRATAMIENTO:<\/p>\n<ul class=\"list-default\">\n<li>Verificar la identidad del usuario.<\/li>\n<li>Atender y gestionar las comunicaciones y\/o solicitudes recibidas por cualquier v\u00eda de comunicaci\u00f3n.<\/li>\n<li>Mantener un historial de las relaciones entre el usuario y Psyke.<\/li>\n<li>Optimizar la gesti\u00f3n administrativa de los usuarios de la Web.<\/li>\n<li>Env\u00edo de publicidad e informaci\u00f3n relacionada, pudiendo negarse a ello el usuario en cualquier momento.<\/li>\n<\/ul>\n<p class=\"txtpolitica\">Psyke no solicita, ni acepta, datos o informaci\u00f3n de naturaleza privada o estrictamente personal de sus usuarios que no sean pertinentes para la finalidad de la Web. Los datos opcionales que se solicitan al usuario tienen como \u00fanico objetivo ofrecerle un mejor servicio y la adaptaci\u00f3n de la Web a sus preferencias.<\/p>\n<p class=\"titulo-thais\">BASES DE LEGITIMACI\u00d3N:<\/p>\n<p class=\"txtpolitica\">Se tratar\u00e1n los datos personales, con el consentimiento expreso del interesado y, en su caso, para la ejecuci\u00f3n de un contrato en que el interesado es parte o para la aplicaci\u00f3n a petici\u00f3n de este de las medidas precontractuales.<\/p>\n<p class=\"titulo-thais\">PLAZOS DE CONSERVACI\u00d3N DE LOS DATOS:<\/p>\n<p class=\"txtpolitica\">Los datos ser\u00e1n conservados durante el tiempo m\u00ednimo necesario y en cualquier caso durante los plazos legalmente previstos. La informaci\u00f3n tratada en base a la ejecuci\u00f3n de un contrato, u otro tipo de relaci\u00f3n de servicios ser\u00e1 conservada durante 5 a\u00f1os, desde la finalizaci\u00f3n y el pago de la relaci\u00f3n contractual o de la prestaci\u00f3n de servicios.<\/p>\n<p class=\"titulo-thais\">COMUNICACI\u00d3N DE LOS DATOS:<\/p>\n<p class=\"txtpolitica\">Sus datos podr\u00e1n ser cedidos a los profesionales cuya intervenci\u00f3n est\u00e9 relacionada y sea necesaria para la realizaci\u00f3n del encargo profesional atribuido, as\u00ed como para su gesti\u00f3n y facturaci\u00f3n, y en cumplimiento de obligaciones legales.<\/p>\n<p class=\"titulo-thais\">DERECHOS DE LOS INTERESADOS:<\/p>\n<p class=\"txtpolitica\">Podr\u00e1n ejercitar los derechos de Acceso, Rectificaci\u00f3n, Supresi\u00f3n, Limitaci\u00f3n del tratamiento, Portabilidad de los datos u Oposici\u00f3n al tratamiento, dirigi\u00e9ndose al correo electr\u00f3nico: <a href=\"mailto:tcapella@cop.es\" target=\"_blank\" rel=\"noopener\">tcapella@cop.es<\/a> o mediante correo postal dirigido a la direcci\u00f3n Avenida Jacinto Benavente 23, 8, 46005 Valencia, adjuntando a su solicitud una fotocopia de su D.N.I.<\/p>\n<p class=\"txtpolitica\">Tambi\u00e9n tienen derecho a retirar su consentimiento para el tratamiento de los datos en cualquier momento y, a presentar una reclamaci\u00f3n ante la Agencia Espa\u00f1ola de Protecci\u00f3n de Datos.<\/p>\n<p class=\"txtpolitica\">El usuario es la \u00fanica fuente de informaci\u00f3n de sus datos personales, por lo que, a los efectos de prestar un mejor servicio y mantener sus datos actualizados, se le ruega que comunique cualquier variaci\u00f3n de los mismos a trav\u00e9s de la direcci\u00f3n de correo electr\u00f3nico: <a href=\"mailto:tcapella@cop.es\" target=\"_blank\" rel=\"noopener\">tcapella@cop.es<\/a> o mediante correo postal dirigido a la direcci\u00f3n Avenida Jacinto Benavente 23, 8, 46005 Valencia.<\/p>\n<p class=\"titulo-thais\">SEGURIDAD DE LOS DATOS:<\/p>\n<p class=\"txtpolitica\">Se aplican las medidas de seguridad t\u00e9cnicas y organizativas apropiadas para garantizar un nivel de seguridad adecuado al riesgo que puede suponer el tratamiento.<\/p>\n<p class=\"titulo-thais\">UTILIZACI\u00d3N DE COOKIES:<\/p>\n<p class=\"txtpolitica\">Esta Web utiliza cookies. Los cookies son peque\u00f1os ficheros de datos que se generan en el ordenador del usuario y que nos permiten acceder a la siguiente informaci\u00f3n:<\/p>\n<ul class=\"list-default\">\n<li>La fecha y hora de acceso a la Web para conocer las horas de mayor afluencia y efectuar los ajustes necesarios para evitar saturaciones de la Web.<\/li>\n<li>El n\u00famero de usuarios que acceden diariamente a cada secci\u00f3n, para potenciar las preferidas y adaptar las que puedan ser objeto de mejoras en pro de la satisfacci\u00f3n del usuario.<\/li>\n<li>La fecha y hora de la \u00faltima visita del usuario a la Web.<\/li>\n<li>El dise\u00f1o de contenidos que el usuario eligi\u00f3 en su primera visita a la Web.<\/li>\n<li>Elementos de seguridad que intervienen en el control de acceso a las \u00e1reas restringidas.<\/li>\n<\/ul>\n<p class=\"txtpolitica\">El usuario tiene en todo momento la facultad de impedir la generaci\u00f3n cookies mediante la selecci\u00f3n de la correspondiente opci\u00f3n en su programa de navegaci\u00f3n.<\/p>\n<p class=\"txtpolitica\">Psyke se reserva el derecho a modificar la presente pol\u00edtica para adaptarla a nuevos requerimientos legales o consuetudinarios, quedando tales modificaciones oportunamente registradas en la Web.<\/p>\n<\/div>\n<\/div>\n<\/div>\n<\/section>\n","protected":false},"excerpt":{"rendered":"<p>De acuerdo con lo establecido en la Ley Org\u00e1nica 3\/2018, de 5 de diciembre, de Protecci\u00f3n de Datos y en el Reglamento General de Protecci\u00f3n de Datos, Psyke, informa a los usuarios del espacio psyke.es en lo referente al tratamiento y usos a los que se someten los datos de car\u00e1cter personal. Definici\u00f3n de \u00abdatos [&#8230;]<\/p>\n<p><a class=\"btn btn-secondary understrap-read-more-link\" href=\"https:\/\/www.psyke.es\/en\/privacy-policy\/\">Read More&#8230;<span class=\"screen-reader-text\"> from Privacy Policy<\/span><\/a><\/p>\n","protected":false},"author":1,"featured_media":415,"parent":0,"menu_order":0,"comment_status":"closed","ping_status":"closed","template":"page-templates\/basic-page-unlock-height.php","meta":{"footnotes":""},"class_list":["post-6177","page","type-page","status-publish","has-post-thumbnail","hentry"],"yoast_head":"<!-- This site is optimized with the Yoast SEO plugin v27.4 - https:\/\/yoast.com\/product\/yoast-seo-wordpress\/ -->\n<title>Psyke Privacy Policy<\/title>\n<meta name=\"description\" content=\"Psyke Privacy Policy\" \/>\n<meta name=\"robots\" content=\"index, follow, max-snippet:-1, max-image-preview:large, max-video-preview:-1\" \/>\n<link rel=\"canonical\" href=\"https:\/\/www.psyke.es\/en\/privacy-policy\/\" \/>\n<meta property=\"og:locale\" content=\"en_US\" \/>\n<meta property=\"og:type\" content=\"article\" \/>\n<meta property=\"og:title\" content=\"Psyke Privacy Policy\" \/>\n<meta property=\"og:description\" content=\"Psyke Privacy Policy\" \/>\n<meta property=\"og:url\" content=\"https:\/\/www.psyke.es\/en\/privacy-policy\/\" \/>\n<meta property=\"og:site_name\" content=\"Psyke\" \/>\n<meta property=\"article:modified_time\" content=\"2022-02-04T13:18:48+00:00\" \/>\n<meta property=\"og:image\" content=\"https:\/\/www.psyke.es\/wp-content\/uploads\/2021\/06\/bg-contact.jpg\" \/>\n\t<meta property=\"og:image:width\" content=\"1600\" \/>\n\t<meta property=\"og:image:height\" content=\"1030\" \/>\n\t<meta property=\"og:image:type\" content=\"image\/jpeg\" \/>\n<meta name=\"twitter:card\" content=\"summary_large_image\" \/>\n<meta name=\"twitter:label1\" content=\"Est. reading time\" \/>\n\t<meta name=\"twitter:data1\" content=\"3 minutes\" \/>\n<script type=\"application\/ld+json\" class=\"yoast-schema-graph\">{\"@context\":\"https:\\\/\\\/schema.org\",\"@graph\":[{\"@type\":\"WebPage\",\"@id\":\"https:\\\/\\\/www.psyke.es\\\/en\\\/privacy-policy\\\/\",\"url\":\"https:\\\/\\\/www.psyke.es\\\/en\\\/privacy-policy\\\/\",\"name\":\"Psyke Privacy Policy\",\"isPartOf\":{\"@id\":\"https:\\\/\\\/www.psyke.es\\\/en\\\/#website\"},\"primaryImageOfPage\":{\"@id\":\"https:\\\/\\\/www.psyke.es\\\/en\\\/privacy-policy\\\/#primaryimage\"},\"image\":{\"@id\":\"https:\\\/\\\/www.psyke.es\\\/en\\\/privacy-policy\\\/#primaryimage\"},\"thumbnailUrl\":\"https:\\\/\\\/www.psyke.es\\\/wp-content\\\/uploads\\\/2021\\\/06\\\/bg-contact.jpg\",\"datePublished\":\"2022-01-26T12:54:18+00:00\",\"dateModified\":\"2022-02-04T13:18:48+00:00\",\"description\":\"Psyke Privacy Policy\",\"breadcrumb\":{\"@id\":\"https:\\\/\\\/www.psyke.es\\\/en\\\/privacy-policy\\\/#breadcrumb\"},\"inLanguage\":\"en-US\",\"potentialAction\":[{\"@type\":\"ReadAction\",\"target\":[\"https:\\\/\\\/www.psyke.es\\\/en\\\/privacy-policy\\\/\"]}]},{\"@type\":\"ImageObject\",\"inLanguage\":\"en-US\",\"@id\":\"https:\\\/\\\/www.psyke.es\\\/en\\\/privacy-policy\\\/#primaryimage\",\"url\":\"https:\\\/\\\/www.psyke.es\\\/wp-content\\\/uploads\\\/2021\\\/06\\\/bg-contact.jpg\",\"contentUrl\":\"https:\\\/\\\/www.psyke.es\\\/wp-content\\\/uploads\\\/2021\\\/06\\\/bg-contact.jpg\",\"width\":1600,\"height\":1030},{\"@type\":\"BreadcrumbList\",\"@id\":\"https:\\\/\\\/www.psyke.es\\\/en\\\/privacy-policy\\\/#breadcrumb\",\"itemListElement\":[{\"@type\":\"ListItem\",\"position\":1,\"name\":\"Portada\",\"item\":\"https:\\\/\\\/www.psyke.es\\\/en\\\/\"},{\"@type\":\"ListItem\",\"position\":2,\"name\":\"Privacy Policy\"}]},{\"@type\":\"WebSite\",\"@id\":\"https:\\\/\\\/www.psyke.es\\\/en\\\/#website\",\"url\":\"https:\\\/\\\/www.psyke.es\\\/en\\\/\",\"name\":\"Psyke\",\"description\":\"Centro de Psicolog\u00eda\",\"potentialAction\":[{\"@type\":\"SearchAction\",\"target\":{\"@type\":\"EntryPoint\",\"urlTemplate\":\"https:\\\/\\\/www.psyke.es\\\/en\\\/?s={search_term_string}\"},\"query-input\":{\"@type\":\"PropertyValueSpecification\",\"valueRequired\":true,\"valueName\":\"search_term_string\"}}],\"inLanguage\":\"en-US\"}]}<\/script>\n<!-- \/ Yoast SEO plugin. -->","yoast_head_json":{"title":"Psyke Privacy Policy","description":"Psyke Privacy Policy","robots":{"index":"index","follow":"follow","max-snippet":"max-snippet:-1","max-image-preview":"max-image-preview:large","max-video-preview":"max-video-preview:-1"},"canonical":"https:\/\/www.psyke.es\/en\/privacy-policy\/","og_locale":"en_US","og_type":"article","og_title":"Psyke Privacy Policy","og_description":"Psyke Privacy Policy","og_url":"https:\/\/www.psyke.es\/en\/privacy-policy\/","og_site_name":"Psyke","article_modified_time":"2022-02-04T13:18:48+00:00","og_image":[{"width":1600,"height":1030,"url":"https:\/\/www.psyke.es\/wp-content\/uploads\/2021\/06\/bg-contact.jpg","type":"image\/jpeg"}],"twitter_card":"summary_large_image","twitter_misc":{"Est. reading time":"3 minutes"},"schema":{"@context":"https:\/\/schema.org","@graph":[{"@type":"WebPage","@id":"https:\/\/www.psyke.es\/en\/privacy-policy\/","url":"https:\/\/www.psyke.es\/en\/privacy-policy\/","name":"Psyke Privacy Policy","isPartOf":{"@id":"https:\/\/www.psyke.es\/en\/#website"},"primaryImageOfPage":{"@id":"https:\/\/www.psyke.es\/en\/privacy-policy\/#primaryimage"},"image":{"@id":"https:\/\/www.psyke.es\/en\/privacy-policy\/#primaryimage"},"thumbnailUrl":"https:\/\/www.psyke.es\/wp-content\/uploads\/2021\/06\/bg-contact.jpg","datePublished":"2022-01-26T12:54:18+00:00","dateModified":"2022-02-04T13:18:48+00:00","description":"Psyke Privacy Policy","breadcrumb":{"@id":"https:\/\/www.psyke.es\/en\/privacy-policy\/#breadcrumb"},"inLanguage":"en-US","potentialAction":[{"@type":"ReadAction","target":["https:\/\/www.psyke.es\/en\/privacy-policy\/"]}]},{"@type":"ImageObject","inLanguage":"en-US","@id":"https:\/\/www.psyke.es\/en\/privacy-policy\/#primaryimage","url":"https:\/\/www.psyke.es\/wp-content\/uploads\/2021\/06\/bg-contact.jpg","contentUrl":"https:\/\/www.psyke.es\/wp-content\/uploads\/2021\/06\/bg-contact.jpg","width":1600,"height":1030},{"@type":"BreadcrumbList","@id":"https:\/\/www.psyke.es\/en\/privacy-policy\/#breadcrumb","itemListElement":[{"@type":"ListItem","position":1,"name":"Portada","item":"https:\/\/www.psyke.es\/en\/"},{"@type":"ListItem","position":2,"name":"Privacy Policy"}]},{"@type":"WebSite","@id":"https:\/\/www.psyke.es\/en\/#website","url":"https:\/\/www.psyke.es\/en\/","name":"Psyke","description":"Centro de Psicolog\u00eda","potentialAction":[{"@type":"SearchAction","target":{"@type":"EntryPoint","urlTemplate":"https:\/\/www.psyke.es\/en\/?s={search_term_string}"},"query-input":{"@type":"PropertyValueSpecification","valueRequired":true,"valueName":"search_term_string"}}],"inLanguage":"en-US"}]}},"post_mailing_queue_ids":[],"_links":{"self":[{"href":"https:\/\/www.psyke.es\/en\/wp-json\/wp\/v2\/pages\/6177","targetHints":{"allow":["GET"]}}],"collection":[{"href":"https:\/\/www.psyke.es\/en\/wp-json\/wp\/v2\/pages"}],"about":[{"href":"https:\/\/www.psyke.es\/en\/wp-json\/wp\/v2\/types\/page"}],"author":[{"embeddable":true,"href":"https:\/\/www.psyke.es\/en\/wp-json\/wp\/v2\/users\/1"}],"replies":[{"embeddable":true,"href":"https:\/\/www.psyke.es\/en\/wp-json\/wp\/v2\/comments?post=6177"}],"version-history":[{"count":0,"href":"https:\/\/www.psyke.es\/en\/wp-json\/wp\/v2\/pages\/6177\/revisions"}],"wp:featuredmedia":[{"embeddable":true,"href":"https:\/\/www.psyke.es\/en\/wp-json\/wp\/v2\/media\/415"}],"wp:attachment":[{"href":"https:\/\/www.psyke.es\/en\/wp-json\/wp\/v2\/media?parent=6177"}],"curies":[{"name":"wp","href":"https:\/\/api.w.org\/{rel}","templated":true}]}}